{"id":608,"date":"2018-01-31T15:05:45","date_gmt":"2018-01-31T14:05:45","guid":{"rendered":"https:\/\/www.emc-evolution.com\/?page_id=608"},"modified":"2018-01-31T18:07:43","modified_gmt":"2018-01-31T17:07:43","slug":"subcontracting","status":"publish","type":"page","link":"https:\/\/www.emc-evolution.com\/en\/subcontracting\/","title":{"rendered":"Subcontracting"},"content":{"rendered":"<div class=\"wpb-content-wrapper\"><p>[vc_row][vc_column width=&#8221;1\/6&#8243;][\/vc_column][vc_column width=&#8221;2\/3&#8243;][vc_column_text el_class=&#8221;align-center chapo&#8221;]<\/p>\n<div class=\"wpb_text_column wpb_content_element align-center\">\n<div class=\"wpb_wrapper\">\n<div id=\"TheTexte\" class=\"Texte\" lang=\"zxx\">\n<p style=\"text-align: center;\">As plastic injection specialists in the design and manufacture of medical devices, we also work on subcontracting projects for numerous customers working in the healthcare industry.<\/p>\n<p style=\"text-align: center;\">Our team can come into play in your project at several levels: from the design to the manufacture, up to the CE marking file.<\/p>\n<p style=\"text-align: center;\">If you have a project ? If you are looking for a subcontractor ?<\/p>\n<\/div>\n<\/div>\n<\/div>\n<p>[\/vc_column_text][\/vc_column][vc_column width=&#8221;1\/6&#8243;][\/vc_column][\/vc_row][vc_row][vc_column width=&#8221;1\/6&#8243;][\/vc_column][vc_column width=&#8221;2\/3&#8243;][vc_btn title=&#8221;Contact us&#8221; style=&#8221;custom&#8221; custom_background=&#8221;#211d1e&#8221; custom_text=&#8221;#ffffff&#8221; shape=&#8221;square&#8221; align=&#8221;center&#8221; link=&#8221;url:%2Fen%2Fcontact-us%2F|||&#8221;][\/vc_column][vc_column width=&#8221;1\/6&#8243;][\/vc_column][\/vc_row][vc_row][vc_column][vc_empty_space height=&#8221;30&#8243;][vc_column_text]<\/p>\n<h2>Example of subcontracting<\/h2>\n<p>[\/vc_column_text][\/vc_column][\/vc_row][vc_row el_class=&#8221;bloc contour&#8221;][vc_column width=&#8221;1\/6&#8243;][\/vc_column][vc_column width=&#8221;2\/3&#8243;][vc_row_inner][vc_column_inner width=&#8221;1\/6&#8243;][vc_single_image image=&#8221;409&#8243; img_size=&#8221;medium&#8221;][\/vc_column_inner][vc_column_inner width=&#8221;5\/6&#8243;][vc_column_text]<\/p>\n<h3 style=\"text-align: left;\">Varicose vein hooks<\/h3>\n<p>[\/vc_column_text][vc_separator color=&#8221;custom&#8221; align=&#8221;align_left&#8221; el_width=&#8221;50&#8243; accent_color=&#8221;#211d1e&#8221;][vc_column_text]We have been manufacturing varicose vein hooks for Laboratoires Pitot for ten years. Our work involves the overmoulding (plastic injection) of the hooks.[\/vc_column_text][\/vc_column_inner][\/vc_row_inner][vc_single_image image=&#8221;326&#8243; img_size=&#8221;large&#8221; alignment=&#8221;center&#8221;][\/vc_column][vc_column width=&#8221;1\/6&#8243;][\/vc_column][\/vc_row]<\/p>\n<\/div>","protected":false},"excerpt":{"rendered":"<p>[vc_row][vc_column width=&#8221;1\/6&#8243;][\/vc_column][vc_column width=&#8221;2\/3&#8243;][vc_column_text el_class=&#8221;align-center chapo&#8221;] As plastic injection specialists in the design and manufacture of medical devices, we also work on subcontracting projects for numerous customers working in the healthcare industry. Our team can come into play in your project at several levels: from the design to the manufacture, up to the CE marking file. [&hellip;]<\/p>\n","protected":false},"author":1,"featured_media":0,"parent":0,"menu_order":0,"comment_status":"closed","ping_status":"closed","template":"","meta":{"footnotes":""},"class_list":["post-608","page","type-page","status-publish","hentry"],"yoast_head":"<!-- This site is optimized with the Yoast SEO plugin v27.3 - https:\/\/yoast.com\/product\/yoast-seo-wordpress\/ -->\n<title>Subcontracting - EMC \u00c9volution<\/title>\n<meta name=\"robots\" content=\"index, follow, max-snippet:-1, max-image-preview:large, max-video-preview:-1\" \/>\n<link rel=\"canonical\" href=\"https:\/\/www.emc-evolution.com\/en\/subcontracting\/\" \/>\n<meta property=\"og:locale\" content=\"en_US\" \/>\n<meta property=\"og:type\" content=\"article\" \/>\n<meta property=\"og:title\" content=\"Subcontracting - EMC \u00c9volution\" \/>\n<meta property=\"og:description\" content=\"[vc_row][vc_column width=&#8221;1\/6&#8243;][\/vc_column][vc_column width=&#8221;2\/3&#8243;][vc_column_text el_class=&#8221;align-center chapo&#8221;] As plastic injection specialists in the design and manufacture of medical devices, we also work on subcontracting projects for numerous customers working in the healthcare industry. Our team can come into play in your project at several levels: from the design to the manufacture, up to the CE marking file. [&hellip;]\" \/>\n<meta property=\"og:url\" content=\"https:\/\/www.emc-evolution.com\/en\/subcontracting\/\" \/>\n<meta property=\"og:site_name\" content=\"EMC \u00c9volution\" \/>\n<meta property=\"article:modified_time\" content=\"2018-01-31T17:07:43+00:00\" \/>\n<meta name=\"twitter:card\" content=\"summary_large_image\" \/>\n<meta name=\"twitter:label1\" content=\"Est. reading time\" \/>\n\t<meta name=\"twitter:data1\" content=\"1 minute\" \/>\n<script type=\"application\/ld+json\" class=\"yoast-schema-graph\">{\"@context\":\"https:\\\/\\\/schema.org\",\"@graph\":[{\"@type\":\"WebPage\",\"@id\":\"https:\\\/\\\/www.emc-evolution.com\\\/en\\\/subcontracting\\\/\",\"url\":\"https:\\\/\\\/www.emc-evolution.com\\\/en\\\/subcontracting\\\/\",\"name\":\"Subcontracting - EMC \u00c9volution\",\"isPartOf\":{\"@id\":\"https:\\\/\\\/www.emc-evolution.com\\\/#website\"},\"datePublished\":\"2018-01-31T14:05:45+00:00\",\"dateModified\":\"2018-01-31T17:07:43+00:00\",\"breadcrumb\":{\"@id\":\"https:\\\/\\\/www.emc-evolution.com\\\/en\\\/subcontracting\\\/#breadcrumb\"},\"inLanguage\":\"en-US\",\"potentialAction\":[{\"@type\":\"ReadAction\",\"target\":[\"https:\\\/\\\/www.emc-evolution.com\\\/en\\\/subcontracting\\\/\"]}]},{\"@type\":\"BreadcrumbList\",\"@id\":\"https:\\\/\\\/www.emc-evolution.com\\\/en\\\/subcontracting\\\/#breadcrumb\",\"itemListElement\":[{\"@type\":\"ListItem\",\"position\":1,\"name\":\"Accueil\",\"item\":\"https:\\\/\\\/www.emc-evolution.com\\\/en\\\/\"},{\"@type\":\"ListItem\",\"position\":2,\"name\":\"Subcontracting\"}]},{\"@type\":\"WebSite\",\"@id\":\"https:\\\/\\\/www.emc-evolution.com\\\/#website\",\"url\":\"https:\\\/\\\/www.emc-evolution.com\\\/\",\"name\":\"EMC \u00c9volution\",\"description\":\"R\u00e9\u00e9ducation post-accouchement\",\"potentialAction\":[{\"@type\":\"SearchAction\",\"target\":{\"@type\":\"EntryPoint\",\"urlTemplate\":\"https:\\\/\\\/www.emc-evolution.com\\\/?s={search_term_string}\"},\"query-input\":{\"@type\":\"PropertyValueSpecification\",\"valueRequired\":true,\"valueName\":\"search_term_string\"}}],\"inLanguage\":\"en-US\"}]}<\/script>\n<!-- \/ Yoast SEO plugin. -->","yoast_head_json":{"title":"Subcontracting - EMC \u00c9volution","robots":{"index":"index","follow":"follow","max-snippet":"max-snippet:-1","max-image-preview":"max-image-preview:large","max-video-preview":"max-video-preview:-1"},"canonical":"https:\/\/www.emc-evolution.com\/en\/subcontracting\/","og_locale":"en_US","og_type":"article","og_title":"Subcontracting - EMC \u00c9volution","og_description":"[vc_row][vc_column width=&#8221;1\/6&#8243;][\/vc_column][vc_column width=&#8221;2\/3&#8243;][vc_column_text el_class=&#8221;align-center chapo&#8221;] As plastic injection specialists in the design and manufacture of medical devices, we also work on subcontracting projects for numerous customers working in the healthcare industry. Our team can come into play in your project at several levels: from the design to the manufacture, up to the CE marking file. [&hellip;]","og_url":"https:\/\/www.emc-evolution.com\/en\/subcontracting\/","og_site_name":"EMC \u00c9volution","article_modified_time":"2018-01-31T17:07:43+00:00","twitter_card":"summary_large_image","twitter_misc":{"Est. reading time":"1 minute"},"schema":{"@context":"https:\/\/schema.org","@graph":[{"@type":"WebPage","@id":"https:\/\/www.emc-evolution.com\/en\/subcontracting\/","url":"https:\/\/www.emc-evolution.com\/en\/subcontracting\/","name":"Subcontracting - EMC \u00c9volution","isPartOf":{"@id":"https:\/\/www.emc-evolution.com\/#website"},"datePublished":"2018-01-31T14:05:45+00:00","dateModified":"2018-01-31T17:07:43+00:00","breadcrumb":{"@id":"https:\/\/www.emc-evolution.com\/en\/subcontracting\/#breadcrumb"},"inLanguage":"en-US","potentialAction":[{"@type":"ReadAction","target":["https:\/\/www.emc-evolution.com\/en\/subcontracting\/"]}]},{"@type":"BreadcrumbList","@id":"https:\/\/www.emc-evolution.com\/en\/subcontracting\/#breadcrumb","itemListElement":[{"@type":"ListItem","position":1,"name":"Accueil","item":"https:\/\/www.emc-evolution.com\/en\/"},{"@type":"ListItem","position":2,"name":"Subcontracting"}]},{"@type":"WebSite","@id":"https:\/\/www.emc-evolution.com\/#website","url":"https:\/\/www.emc-evolution.com\/","name":"EMC \u00c9volution","description":"R\u00e9\u00e9ducation post-accouchement","potentialAction":[{"@type":"SearchAction","target":{"@type":"EntryPoint","urlTemplate":"https:\/\/www.emc-evolution.com\/?s={search_term_string}"},"query-input":{"@type":"PropertyValueSpecification","valueRequired":true,"valueName":"search_term_string"}}],"inLanguage":"en-US"}]}},"_links":{"self":[{"href":"https:\/\/www.emc-evolution.com\/en\/wp-json\/wp\/v2\/pages\/608","targetHints":{"allow":["GET"]}}],"collection":[{"href":"https:\/\/www.emc-evolution.com\/en\/wp-json\/wp\/v2\/pages"}],"about":[{"href":"https:\/\/www.emc-evolution.com\/en\/wp-json\/wp\/v2\/types\/page"}],"author":[{"embeddable":true,"href":"https:\/\/www.emc-evolution.com\/en\/wp-json\/wp\/v2\/users\/1"}],"replies":[{"embeddable":true,"href":"https:\/\/www.emc-evolution.com\/en\/wp-json\/wp\/v2\/comments?post=608"}],"version-history":[{"count":4,"href":"https:\/\/www.emc-evolution.com\/en\/wp-json\/wp\/v2\/pages\/608\/revisions"}],"predecessor-version":[{"id":633,"href":"https:\/\/www.emc-evolution.com\/en\/wp-json\/wp\/v2\/pages\/608\/revisions\/633"}],"wp:attachment":[{"href":"https:\/\/www.emc-evolution.com\/en\/wp-json\/wp\/v2\/media?parent=608"}],"curies":[{"name":"wp","href":"https:\/\/api.w.org\/{rel}","templated":true}]}}