{"id":572,"date":"2018-01-26T14:40:53","date_gmt":"2018-01-26T13:40:53","guid":{"rendered":"https:\/\/www.emc-evolution.com\/?page_id=572"},"modified":"2018-01-31T16:21:14","modified_gmt":"2018-01-31T15:21:14","slug":"manufacture","status":"publish","type":"page","link":"https:\/\/www.emc-evolution.com\/en\/manufacture\/","title":{"rendered":"Manufacture"},"content":{"rendered":"<div class=\"wpb-content-wrapper\"><p>[vc_row][vc_column][vc_column_text]<\/p>\n<h2>Vaginal and anal probes made in France<\/h2>\n<p>[\/vc_column_text][\/vc_column][\/vc_row][vc_row][vc_column][vc_empty_space height=&#8221;40&#8243;][\/vc_column][\/vc_row][vc_row][vc_column width=&#8221;1\/2&#8243;]<div id=\"ult-carousel-234820503669f5388f8993c\" class=\"ult-carousel-wrapper   ult_horizontal\" data-gutter=\"0\" data-rtl=\"false\" ><div class=\"ult-carousel-25495564769f5388f89889 \" >[vc_single_image image=&#8221;267&#8243; img_size=&#8221;medium&#8221; alignment=&#8221;center&#8221;][vc_single_image image=&#8221;274&#8243; img_size=&#8221;medium&#8221; alignment=&#8221;center&#8221;]<\/div><\/div>\t\t\t<script type=\"text\/javascript\">\n\t\t\t\tjQuery(document).ready(function ($) {\n\t\t\t\t\tif( typeof jQuery('.ult-carousel-25495564769f5388f89889').slick == \"function\"){\n\t\t\t\t\t\t$('.ult-carousel-25495564769f5388f89889').slick({dots: false,autoplay: true,autoplaySpeed: \"5000\",speed: \"300\",infinite: true,arrows: true,nextArrow: '<button type=\"button\" role=\"button\" aria-label=\"Next\" style=\"color:#333333; font-size:30px;\" class=\"slick-next default\"><i class=\"ultsl-arrow-right4\"><\/i><\/button>',prevArrow: '<button type=\"button\" role=\"button\" aria-label=\"Previous\" style=\"color:#333333; font-size:30px;\" class=\"slick-prev default\"><i class=\"ultsl-arrow-left4\"><\/i><\/button>',slidesToScroll:1,slidesToShow:1,swipe: true,draggable: true,touchMove: true,pauseOnHover: true,pauseOnFocus: false,responsive: [\n\t\t\t\t\t\t\t{\n\t\t\t\t\t\t\t  breakpoint: 1026,\n\t\t\t\t\t\t\t  settings: {\n\t\t\t\t\t\t\t\tslidesToShow: 1,\n\t\t\t\t\t\t\t\tslidesToScroll: 1,  \n\t\t\t\t\t\t\t  }\n\t\t\t\t\t\t\t},\n\t\t\t\t\t\t\t{\n\t\t\t\t\t\t\t  breakpoint: 1025,\n\t\t\t\t\t\t\t  settings: {\n\t\t\t\t\t\t\t\tslidesToShow: 1,\n\t\t\t\t\t\t\t\tslidesToScroll: 1\n\t\t\t\t\t\t\t  }\n\t\t\t\t\t\t\t},\n\t\t\t\t\t\t\t{\n\t\t\t\t\t\t\t  breakpoint: 760,\n\t\t\t\t\t\t\t  settings: {\n\t\t\t\t\t\t\t\tslidesToShow: 1,\n\t\t\t\t\t\t\t\tslidesToScroll: 1\n\t\t\t\t\t\t\t  }\n\t\t\t\t\t\t\t}\n\t\t\t\t\t\t],pauseOnDotsHover: true,customPaging: function(slider, i) {\n                   return '<i type=\"button\" style= \"color:#333333;\" class=\"ultsl-record\" data-role=\"none\"><\/i>';\n                },});\n\t\t\t\t\t}\n\t\t\t\t});\n\t\t\t<\/script>\n\t\t\t[\/vc_column][vc_column width=&#8221;1\/2&#8243;][vc_column_text]<\/p>\n<h3>Preparation of your order<\/h3>\n<p>[\/vc_column_text][vc_separator color=&#8221;custom&#8221; el_width=&#8221;50&#8243; accent_color=&#8221;#211d1e&#8221;][vc_column_text]Our extensive stock means we can prepare your order very quickly: 90% of our orders are prepared and sent within 24H regardless of the quantity (no minimum).[\/vc_column_text][\/vc_column][\/vc_row][vc_row][vc_column][vc_empty_space height=&#8221;40&#8243;][\/vc_column][\/vc_row][vc_row][vc_column width=&#8221;1\/2&#8243;][vc_column_text]<\/p>\n<h3>Materials<\/h3>\n<p>[\/vc_column_text][vc_separator color=&#8221;custom&#8221; el_width=&#8221;50&#8243; accent_color=&#8221;#211d1e&#8221;][vc_column_text]All the materials we use to manufacture our probes are approved for medical use. They do not contain any toxic products such as phthalates, bisphenol A, heavy metals, etc. Biocompatibility tests on the finished products are performed on a regular basis to guarantee you faultless quality.[\/vc_column_text][\/vc_column][vc_column width=&#8221;1\/2&#8243;][vc_single_image image=&#8221;270&#8243; img_size=&#8221;medium&#8221; alignment=&#8221;center&#8221;][\/vc_column][\/vc_row][vc_row][vc_column][vc_empty_space height=&#8221;40&#8243;][\/vc_column][\/vc_row][vc_row][vc_column width=&#8221;1\/2&#8243;][vc_single_image image=&#8221;277&#8243; img_size=&#8221;medium&#8221; alignment=&#8221;center&#8221;][\/vc_column][vc_column width=&#8221;1\/2&#8243;][vc_column_text]<\/p>\n<h3>In-process controls<\/h3>\n<p>[\/vc_column_text][vc_separator color=&#8221;custom&#8221; el_width=&#8221;50&#8243; accent_color=&#8221;#211d1e&#8221;][vc_column_text]Electrical and visual controls are performed on all the probes at different stages and at the end of the production: each probe is tested (rings and connectors) with calibrated equipment.<br \/>\nIn 2016. Return rate of our products: 0.012%.[\/vc_column_text][\/vc_column][\/vc_row][vc_row][vc_column][vc_empty_space height=&#8221;40&#8243;][\/vc_column][\/vc_row][vc_row][vc_column width=&#8221;1\/2&#8243;][vc_column_text]<\/p>\n<h3>Soldering of connections<\/h3>\n<p>[\/vc_column_text][vc_separator color=&#8221;custom&#8221; el_width=&#8221;50&#8243; accent_color=&#8221;#211d1e&#8221;][vc_column_text]The solders of the connections are performed manually for optimum quality. This way we are sure about the quality of the contact with the electrostimulation devices.[\/vc_column_text][\/vc_column][vc_column width=&#8221;1\/2&#8243;][vc_single_image image=&#8221;279&#8243; img_size=&#8221;medium&#8221; alignment=&#8221;center&#8221;][\/vc_column][\/vc_row][vc_row][vc_column][vc_empty_space height=&#8221;40&#8243;][\/vc_column][\/vc_row][vc_row][vc_column width=&#8221;1\/2&#8243;][vc_single_image image=&#8221;281&#8243; img_size=&#8221;medium&#8221; alignment=&#8221;center&#8221;][\/vc_column][vc_column width=&#8221;1\/2&#8243;][vc_column_text]<\/p>\n<h3>Cleaning and packaging<\/h3>\n<p>[\/vc_column_text][vc_separator color=&#8221;custom&#8221; el_width=&#8221;50&#8243; accent_color=&#8221;#211d1e&#8221;][vc_column_text]All our probes are cleaned individually in a clean environment with an approved medical product from the Anios laboratories adhering to the specified procedures. This gives rise to a visual inspection prior to packaging the probes.[\/vc_column_text][\/vc_column][\/vc_row][vc_row][vc_column][vc_empty_space height=&#8221;40&#8243;][\/vc_column][\/vc_row][vc_row][vc_column width=&#8221;1\/2&#8243;][vc_column_text]<\/p>\n<h3>Labelling<\/h3>\n<p>[\/vc_column_text][vc_separator color=&#8221;custom&#8221; el_width=&#8221;50&#8243; accent_color=&#8221;#211d1e&#8221;][vc_column_text]Last operation before dispatch to the customer: a label is affixed to the packaging. This bears the tracking information and the reference of the product.<br \/>\nA second label, called an LPP indicates to the patient that the probe is a medical device reimbursed by the Social Security.[\/vc_column_text][\/vc_column][vc_column width=&#8221;1\/2&#8243;][vc_single_image image=&#8221;283&#8243; img_size=&#8221;medium&#8221; alignment=&#8221;center&#8221;][\/vc_column][\/vc_row]<\/p>\n<\/div>","protected":false},"excerpt":{"rendered":"<p>[vc_row][vc_column][vc_column_text] Vaginal and anal probes made in France [\/vc_column_text][\/vc_column][\/vc_row][vc_row][vc_column][vc_empty_space height=&#8221;40&#8243;][\/vc_column][\/vc_row][vc_row][vc_column width=&#8221;1\/2&#8243;][\/vc_column][vc_column width=&#8221;1\/2&#8243;][vc_column_text] Preparation of your order [\/vc_column_text][vc_separator color=&#8221;custom&#8221; el_width=&#8221;50&#8243; accent_color=&#8221;#211d1e&#8221;][vc_column_text]Our extensive stock means we can prepare your order very quickly: 90% of our orders are prepared and sent within 24H regardless of the quantity (no minimum).[\/vc_column_text][\/vc_column][\/vc_row][vc_row][vc_column][vc_empty_space height=&#8221;40&#8243;][\/vc_column][\/vc_row][vc_row][vc_column width=&#8221;1\/2&#8243;][vc_column_text] Materials [\/vc_column_text][vc_separator color=&#8221;custom&#8221; el_width=&#8221;50&#8243; accent_color=&#8221;#211d1e&#8221;][vc_column_text]All the materials [&hellip;]<\/p>\n","protected":false},"author":1,"featured_media":0,"parent":0,"menu_order":0,"comment_status":"closed","ping_status":"closed","template":"","meta":{"footnotes":""},"class_list":["post-572","page","type-page","status-publish","hentry"],"yoast_head":"<!-- This site is optimized with the Yoast SEO plugin v27.3 - https:\/\/yoast.com\/product\/yoast-seo-wordpress\/ -->\n<title>Manufacture - EMC \u00c9volution<\/title>\n<meta name=\"robots\" content=\"index, follow, max-snippet:-1, max-image-preview:large, max-video-preview:-1\" \/>\n<link rel=\"canonical\" href=\"https:\/\/www.emc-evolution.com\/en\/manufacture\/\" \/>\n<meta property=\"og:locale\" content=\"en_US\" \/>\n<meta property=\"og:type\" content=\"article\" \/>\n<meta property=\"og:title\" content=\"Manufacture - EMC \u00c9volution\" \/>\n<meta property=\"og:description\" content=\"[vc_row][vc_column][vc_column_text] Vaginal and anal probes made in France [\/vc_column_text][\/vc_column][\/vc_row][vc_row][vc_column][vc_empty_space height=&#8221;40&#8243;][\/vc_column][\/vc_row][vc_row][vc_column width=&#8221;1\/2&#8243;][\/vc_column][vc_column width=&#8221;1\/2&#8243;][vc_column_text] Preparation of your order [\/vc_column_text][vc_separator color=&#8221;custom&#8221; el_width=&#8221;50&#8243; accent_color=&#8221;#211d1e&#8221;][vc_column_text]Our extensive stock means we can prepare your order very quickly: 90% of our orders are prepared and sent within 24H regardless of the quantity (no minimum).[\/vc_column_text][\/vc_column][\/vc_row][vc_row][vc_column][vc_empty_space height=&#8221;40&#8243;][\/vc_column][\/vc_row][vc_row][vc_column width=&#8221;1\/2&#8243;][vc_column_text] Materials [\/vc_column_text][vc_separator color=&#8221;custom&#8221; el_width=&#8221;50&#8243; accent_color=&#8221;#211d1e&#8221;][vc_column_text]All the materials [&hellip;]\" \/>\n<meta property=\"og:url\" content=\"https:\/\/www.emc-evolution.com\/en\/manufacture\/\" \/>\n<meta property=\"og:site_name\" content=\"EMC \u00c9volution\" \/>\n<meta property=\"article:modified_time\" content=\"2018-01-31T15:21:14+00:00\" \/>\n<meta name=\"twitter:card\" content=\"summary_large_image\" \/>\n<meta name=\"twitter:label1\" content=\"Est. reading time\" \/>\n\t<meta name=\"twitter:data1\" content=\"3 minutes\" \/>\n<script type=\"application\/ld+json\" class=\"yoast-schema-graph\">{\"@context\":\"https:\\\/\\\/schema.org\",\"@graph\":[{\"@type\":\"WebPage\",\"@id\":\"https:\\\/\\\/www.emc-evolution.com\\\/en\\\/manufacture\\\/\",\"url\":\"https:\\\/\\\/www.emc-evolution.com\\\/en\\\/manufacture\\\/\",\"name\":\"Manufacture - EMC \u00c9volution\",\"isPartOf\":{\"@id\":\"https:\\\/\\\/www.emc-evolution.com\\\/#website\"},\"datePublished\":\"2018-01-26T13:40:53+00:00\",\"dateModified\":\"2018-01-31T15:21:14+00:00\",\"breadcrumb\":{\"@id\":\"https:\\\/\\\/www.emc-evolution.com\\\/en\\\/manufacture\\\/#breadcrumb\"},\"inLanguage\":\"en-US\",\"potentialAction\":[{\"@type\":\"ReadAction\",\"target\":[\"https:\\\/\\\/www.emc-evolution.com\\\/en\\\/manufacture\\\/\"]}]},{\"@type\":\"BreadcrumbList\",\"@id\":\"https:\\\/\\\/www.emc-evolution.com\\\/en\\\/manufacture\\\/#breadcrumb\",\"itemListElement\":[{\"@type\":\"ListItem\",\"position\":1,\"name\":\"Accueil\",\"item\":\"https:\\\/\\\/www.emc-evolution.com\\\/en\\\/\"},{\"@type\":\"ListItem\",\"position\":2,\"name\":\"Manufacture\"}]},{\"@type\":\"WebSite\",\"@id\":\"https:\\\/\\\/www.emc-evolution.com\\\/#website\",\"url\":\"https:\\\/\\\/www.emc-evolution.com\\\/\",\"name\":\"EMC \u00c9volution\",\"description\":\"R\u00e9\u00e9ducation post-accouchement\",\"potentialAction\":[{\"@type\":\"SearchAction\",\"target\":{\"@type\":\"EntryPoint\",\"urlTemplate\":\"https:\\\/\\\/www.emc-evolution.com\\\/?s={search_term_string}\"},\"query-input\":{\"@type\":\"PropertyValueSpecification\",\"valueRequired\":true,\"valueName\":\"search_term_string\"}}],\"inLanguage\":\"en-US\"}]}<\/script>\n<!-- \/ Yoast SEO plugin. -->","yoast_head_json":{"title":"Manufacture - EMC \u00c9volution","robots":{"index":"index","follow":"follow","max-snippet":"max-snippet:-1","max-image-preview":"max-image-preview:large","max-video-preview":"max-video-preview:-1"},"canonical":"https:\/\/www.emc-evolution.com\/en\/manufacture\/","og_locale":"en_US","og_type":"article","og_title":"Manufacture - EMC \u00c9volution","og_description":"[vc_row][vc_column][vc_column_text] Vaginal and anal probes made in France [\/vc_column_text][\/vc_column][\/vc_row][vc_row][vc_column][vc_empty_space height=&#8221;40&#8243;][\/vc_column][\/vc_row][vc_row][vc_column width=&#8221;1\/2&#8243;][\/vc_column][vc_column width=&#8221;1\/2&#8243;][vc_column_text] Preparation of your order [\/vc_column_text][vc_separator color=&#8221;custom&#8221; el_width=&#8221;50&#8243; accent_color=&#8221;#211d1e&#8221;][vc_column_text]Our extensive stock means we can prepare your order very quickly: 90% of our orders are prepared and sent within 24H regardless of the quantity (no minimum).[\/vc_column_text][\/vc_column][\/vc_row][vc_row][vc_column][vc_empty_space height=&#8221;40&#8243;][\/vc_column][\/vc_row][vc_row][vc_column width=&#8221;1\/2&#8243;][vc_column_text] Materials [\/vc_column_text][vc_separator color=&#8221;custom&#8221; el_width=&#8221;50&#8243; accent_color=&#8221;#211d1e&#8221;][vc_column_text]All the materials [&hellip;]","og_url":"https:\/\/www.emc-evolution.com\/en\/manufacture\/","og_site_name":"EMC \u00c9volution","article_modified_time":"2018-01-31T15:21:14+00:00","twitter_card":"summary_large_image","twitter_misc":{"Est. reading time":"3 minutes"},"schema":{"@context":"https:\/\/schema.org","@graph":[{"@type":"WebPage","@id":"https:\/\/www.emc-evolution.com\/en\/manufacture\/","url":"https:\/\/www.emc-evolution.com\/en\/manufacture\/","name":"Manufacture - EMC \u00c9volution","isPartOf":{"@id":"https:\/\/www.emc-evolution.com\/#website"},"datePublished":"2018-01-26T13:40:53+00:00","dateModified":"2018-01-31T15:21:14+00:00","breadcrumb":{"@id":"https:\/\/www.emc-evolution.com\/en\/manufacture\/#breadcrumb"},"inLanguage":"en-US","potentialAction":[{"@type":"ReadAction","target":["https:\/\/www.emc-evolution.com\/en\/manufacture\/"]}]},{"@type":"BreadcrumbList","@id":"https:\/\/www.emc-evolution.com\/en\/manufacture\/#breadcrumb","itemListElement":[{"@type":"ListItem","position":1,"name":"Accueil","item":"https:\/\/www.emc-evolution.com\/en\/"},{"@type":"ListItem","position":2,"name":"Manufacture"}]},{"@type":"WebSite","@id":"https:\/\/www.emc-evolution.com\/#website","url":"https:\/\/www.emc-evolution.com\/","name":"EMC \u00c9volution","description":"R\u00e9\u00e9ducation post-accouchement","potentialAction":[{"@type":"SearchAction","target":{"@type":"EntryPoint","urlTemplate":"https:\/\/www.emc-evolution.com\/?s={search_term_string}"},"query-input":{"@type":"PropertyValueSpecification","valueRequired":true,"valueName":"search_term_string"}}],"inLanguage":"en-US"}]}},"_links":{"self":[{"href":"https:\/\/www.emc-evolution.com\/en\/wp-json\/wp\/v2\/pages\/572","targetHints":{"allow":["GET"]}}],"collection":[{"href":"https:\/\/www.emc-evolution.com\/en\/wp-json\/wp\/v2\/pages"}],"about":[{"href":"https:\/\/www.emc-evolution.com\/en\/wp-json\/wp\/v2\/types\/page"}],"author":[{"embeddable":true,"href":"https:\/\/www.emc-evolution.com\/en\/wp-json\/wp\/v2\/users\/1"}],"replies":[{"embeddable":true,"href":"https:\/\/www.emc-evolution.com\/en\/wp-json\/wp\/v2\/comments?post=572"}],"version-history":[{"count":6,"href":"https:\/\/www.emc-evolution.com\/en\/wp-json\/wp\/v2\/pages\/572\/revisions"}],"predecessor-version":[{"id":615,"href":"https:\/\/www.emc-evolution.com\/en\/wp-json\/wp\/v2\/pages\/572\/revisions\/615"}],"wp:attachment":[{"href":"https:\/\/www.emc-evolution.com\/en\/wp-json\/wp\/v2\/media?parent=572"}],"curies":[{"name":"wp","href":"https:\/\/api.w.org\/{rel}","templated":true}]}}