{"id":521,"date":"2018-01-26T14:44:37","date_gmt":"2018-01-26T13:44:37","guid":{"rendered":"https:\/\/www.emc-evolution.com\/?page_id=521"},"modified":"2025-02-17T16:45:54","modified_gmt":"2025-02-17T15:45:54","slug":"anal-probes","status":"publish","type":"page","link":"https:\/\/www.emc-evolution.com\/en\/anal-probes\/","title":{"rendered":"Anal probes"},"content":{"rendered":"<div class=\"wpb-content-wrapper\"><p>[vc_row][vc_column width=&#8221;1\/6&#8243;][\/vc_column][vc_column width=&#8221;2\/3&#8243;][vc_column_text el_class=&#8221;align-center chapo&#8221;]Discover all our anal probes<\/p>\n<p>All the probes are reimbursed by the Health Insurance.\u00a0Fund with a doctor\u2019s prescription.[\/vc_column_text][\/vc_column][vc_column width=&#8221;1\/6&#8243;][\/vc_column][\/vc_row][vc_row][vc_column width=&#8221;1\/2&#8243;][vc_column_text]<\/p>\n<h2>Anal probe 201<\/h2>\n<p>[\/vc_column_text]<div id=\"ult-carousel-270604922269f54d6e09a6d\" class=\"ult-carousel-wrapper  vc_custom_1739807148827  ult_horizontal\" data-gutter=\"0\" data-rtl=\"false\" ><div class=\"ult-carousel-27014389969f54d6e099e1 \" >[vc_single_image image=&#8221;538&#8243; img_size=&#8221;large&#8221; alignment=&#8221;center&#8221;][vc_single_image image=&#8221;537&#8243; img_size=&#8221;large&#8221; alignment=&#8221;center&#8221;]<\/div><\/div>\t\t\t<script type=\"text\/javascript\">\n\t\t\t\tjQuery(document).ready(function ($) {\n\t\t\t\t\tif( typeof jQuery('.ult-carousel-27014389969f54d6e099e1').slick == \"function\"){\n\t\t\t\t\t\t$('.ult-carousel-27014389969f54d6e099e1').slick({dots: false,autoplay: true,autoplaySpeed: \"5000\",speed: \"300\",infinite: true,arrows: true,nextArrow: '<button type=\"button\" role=\"button\" aria-label=\"Next\" style=\"color:#333333; font-size:30px;\" class=\"slick-next default\"><i class=\"ultsl-arrow-right4\"><\/i><\/button>',prevArrow: '<button type=\"button\" role=\"button\" aria-label=\"Previous\" style=\"color:#333333; font-size:30px;\" class=\"slick-prev default\"><i class=\"ultsl-arrow-left4\"><\/i><\/button>',slidesToScroll:1,slidesToShow:1,swipe: true,draggable: true,touchMove: true,pauseOnHover: true,pauseOnFocus: false,responsive: [\n\t\t\t\t\t\t\t{\n\t\t\t\t\t\t\t  breakpoint: 1026,\n\t\t\t\t\t\t\t  settings: {\n\t\t\t\t\t\t\t\tslidesToShow: 1,\n\t\t\t\t\t\t\t\tslidesToScroll: 1,  \n\t\t\t\t\t\t\t  }\n\t\t\t\t\t\t\t},\n\t\t\t\t\t\t\t{\n\t\t\t\t\t\t\t  breakpoint: 1025,\n\t\t\t\t\t\t\t  settings: {\n\t\t\t\t\t\t\t\tslidesToShow: 1,\n\t\t\t\t\t\t\t\tslidesToScroll: 1\n\t\t\t\t\t\t\t  }\n\t\t\t\t\t\t\t},\n\t\t\t\t\t\t\t{\n\t\t\t\t\t\t\t  breakpoint: 760,\n\t\t\t\t\t\t\t  settings: {\n\t\t\t\t\t\t\t\tslidesToShow: 1,\n\t\t\t\t\t\t\t\tslidesToScroll: 1\n\t\t\t\t\t\t\t  }\n\t\t\t\t\t\t\t}\n\t\t\t\t\t\t],pauseOnDotsHover: true,customPaging: function(slider, i) {\n                   return '<i type=\"button\" style= \"color:#333333;\" class=\"ultsl-record\" data-role=\"none\"><\/i>';\n                },});\n\t\t\t\t\t}\n\t\t\t\t});\n\t\t\t<\/script>\n\t\t\t[vc_column_text]<\/p>\n<h3 class=\"produit\">Anal probe with \u201cremovable stop\u201d<\/h3>\n<p>[\/vc_column_text][vc_column_text css=&#8221;&#8221;]<\/p>\n<table>\n<tbody>\n<tr>\n<td><strong>References\u00a0<\/strong><\/td>\n<td>201-B0-1 (white) &#8211;\u00a0 201-B1-1 (blue) &#8211; 201-B1-1-D (Blue) Oval stop<\/td>\n<\/tr>\n<tr>\n<td><strong>Dimensions\u00a0<\/strong><\/td>\n<td>2 rings of 10 mm | \u00d8 12 mm\u00a0| Length 108 mm<\/td>\n<\/tr>\n<tr>\n<td><strong>Description <\/strong><\/td>\n<td>Easy insertion due to shape, fits all anatomies. The removable stop allows for the probe to be accurately positioned according to the patient\u2019s anatomy. It holds the probe perfectly in place during stimulation. This probe allows for rehabilitation work in the standing position.<br \/>\nThe width of the rings ensures comfortable sessions for the patient. It comes with 2 round electrodes of 10 mm or 13 mm for greater tolerance of the intensity at the tolerance\/efficiency threshold.<br \/>\nThis probe allows for electrostimulation and biofeedback.<\/td>\n<\/tr>\n<\/tbody>\n<\/table>\n<p>[\/vc_column_text][\/vc_column][vc_column width=&#8221;1\/2&#8243;][vc_column_text css=&#8221;&#8221;]<\/p>\n<h2>Anal probe 201S<\/h2>\n<p>[\/vc_column_text][vc_single_image image=&#8221;710&#8243; img_size=&#8221;large&#8221; alignment=&#8221;center&#8221; css=&#8221;&#8221;][vc_column_text]<\/p>\n<h3 class=\"produit\">Anal probe with \u201cremovable stop\u201d<\/h3>\n<p>[\/vc_column_text][vc_column_text css=&#8221;&#8221;]<\/p>\n<table>\n<tbody>\n<tr>\n<td><strong>References\u00a0<\/strong><\/td>\n<td>201-B0-1-S<\/td>\n<\/tr>\n<tr>\n<td><strong>Dimensions\u00a0<\/strong><\/td>\n<td>2 rings of 10 mm | \u00d8 12 mm\u00a0| Length 108 mm<\/td>\n<\/tr>\n<tr>\n<td><strong>Description <\/strong><\/td>\n<td>Easy insertion due to shape, fits all anatomies. The removable stop allows for the probe to be accurately positioned according to the patient\u2019s anatomy. It holds the probe perfectly in place during stimulation. This probe allows for rehabilitation work in the standing position.<br \/>\nThe width of the rings ensures comfortable sessions for the patient. It comes with 2 round electrodes of 10 mm or 13 mm for greater tolerance of the intensity at the tolerance\/efficiency threshold.<br \/>\nThis probe allows for electrostimulation and biofeedback.<\/td>\n<\/tr>\n<\/tbody>\n<\/table>\n<p>[\/vc_column_text][\/vc_column][\/vc_row][vc_row][vc_column][vc_empty_space height=&#8221;30&#8243;][\/vc_column][\/vc_row][vc_row][vc_column width=&#8221;1\/2&#8243;][vc_column_text]<\/p>\n<h2>\u00a0Anal probe 203<\/h2>\n<p>[\/vc_column_text][vc_single_image image=&#8221;539&#8243; img_size=&#8221;large&#8221; alignment=&#8221;center&#8221;][vc_column_text]<\/p>\n<h3 class=\"produit\">\u201cTapered\u201d anal probe<\/h3>\n<p>[\/vc_column_text][vc_column_text]<\/p>\n<table>\n<tbody>\n<tr>\n<td><strong>References <\/strong><\/td>\n<td>203-P0-1<\/td>\n<\/tr>\n<tr>\n<td><strong>Dimensions <\/strong><\/td>\n<td>2 tapered rings de 5 mm | \u00f8 14 mm | Longueur 85 mm<\/td>\n<\/tr>\n<tr>\n<td><strong>Descriptiion<\/strong><\/td>\n<td>Anal probe with tapered electrostimulation rings and biofeedback of muscle activity.<br \/>\nIt comes with 2 round, tapered electrodes of 14 mm for greater tolerance of the intensity at the tolerance\/efficiency threshold.<br \/>\nThis anal probe is easy to position, suitable for small anatomies. Can be used in the seated position then orthostatism.<\/td>\n<\/tr>\n<\/tbody>\n<\/table>\n<p>[\/vc_column_text][\/vc_column][vc_column width=&#8221;1\/2&#8243;][vc_column_text]<\/p>\n<h2>\u00a0Anal probe 203-S<\/h2>\n<p>[\/vc_column_text][vc_single_image image=&#8221;540&#8243; img_size=&#8221;large&#8221; alignment=&#8221;center&#8221;][vc_column_text css=&#8221;&#8221;]<\/p>\n<h3 class=\"produit\">Anal probe &#8211; flexible lead 50 cm\u00a0with banana plugs<\/h3>\n<p>[\/vc_column_text][vc_column_text]<\/p>\n<table>\n<tbody>\n<tr>\n<td><strong>References <\/strong><\/td>\n<td>203-P0-1-S<\/td>\n<\/tr>\n<tr>\n<td><strong>Dimensions <\/strong><\/td>\n<td>2 tapered rings de 5 mm\u00a0| \u00f8 14 mm \u00a0| Longueur 85 mm<\/td>\n<\/tr>\n<tr>\n<td><strong>Description<\/strong><\/td>\n<td>This probe is easy to position, suitable for small anatomies. The flexible lead provides for light weight and easy mobility during exercises.<br \/>\nAnal probe with tapered electrostimulation rings and biofeedback of muscle activity.<br \/>\nIt comes with 2 round, tapered electrodes of 14 mm for greater tolerance of the intensity at the tolerance\/efficiency threshold. This anal probe is easy to position, suitable for small anatomies. Can be used in the seated position then orthostatism.<br \/>\nThis probe allows for electrostimulation and biofeedback.<\/td>\n<\/tr>\n<\/tbody>\n<\/table>\n<p>[\/vc_column_text][\/vc_column][\/vc_row][vc_row][vc_column][vc_empty_space height=&#8221;30&#8243;][\/vc_column][\/vc_row][vc_row][vc_column width=&#8221;1\/2&#8243;][vc_column_text]<\/p>\n<h2>\u00a0Anal probe 209<\/h2>\n<p>[\/vc_column_text][vc_single_image image=&#8221;541&#8243; img_size=&#8221;large&#8221; alignment=&#8221;center&#8221;][vc_column_text]<\/p>\n<h3 class=\"produit\">\u201cFixed stop\u201d anal probe<\/h3>\n<p>[\/vc_column_text][vc_column_text]<\/p>\n<table>\n<tbody>\n<tr>\n<td><strong>R\u00e9f\u00e9rences <\/strong><\/td>\n<td>209-P0-1<\/td>\n<\/tr>\n<tr>\n<td><strong>Dimensions <\/strong><\/td>\n<td>2 rings 6mm | \u00f8 12mm | Longueur 65 mm<\/td>\n<\/tr>\n<tr>\n<td><strong>Description<\/strong><\/td>\n<td>Its anatomic shape and the fixed stop make for easy and optimum insertion of the probe. The fixed stop holds the probe in place during stimulation and allows for use in the seated position then orthostatism. Anal electrostimulation probe with biofeedback of muscle activity.<br \/>\nIt comes with 2 round electrodes of 6 mm for greater tolerance of the intensity at the tolerance\/efficiency threshold.<\/td>\n<\/tr>\n<\/tbody>\n<\/table>\n<p>[\/vc_column_text][\/vc_column][vc_column width=&#8221;1\/2&#8243;][vc_column_text]<\/p>\n<h2>Anal probe 210<\/h2>\n<p>[\/vc_column_text][vc_single_image image=&#8221;542&#8243; img_size=&#8221;large&#8221; alignment=&#8221;center&#8221;][vc_column_text]<\/p>\n<h3 class=\"produit\">Anal probe with \u201cremovable stop\u201d<\/h3>\n<p>[\/vc_column_text][vc_column_text]<\/p>\n<table>\n<tbody>\n<tr>\n<td><strong>References\u00a0<\/strong><\/td>\n<td>210-B0-1<\/td>\n<\/tr>\n<tr>\n<td><strong>Dimensions\u00a0<\/strong><\/td>\n<td>2 rings of 10 mm | 3\u00b0 bague de 5 mm\u00a0| \u00d8 12 mm | Lenght 108 mm<\/td>\n<\/tr>\n<tr>\n<td><strong>Description\u00a0<\/strong><\/td>\n<td>Easy insertion due to shape.\u00a0The removable stop allows for the probe to be accurately positioned.\u00a0It holds the probe perfectly in place during stimulation. This probe allows for stimulation in the standing position. The width of the rings ensures comfortable sessions for the patient.<br \/>\nThis probe allows for electrostimulation and biofeedback.<\/td>\n<\/tr>\n<\/tbody>\n<\/table>\n<p>[\/vc_column_text][\/vc_column][\/vc_row][vc_row][vc_column][vc_empty_space height=&#8221;30&#8243;][\/vc_column][\/vc_row][vc_row][vc_column width=&#8221;1\/2&#8243;][vc_column_text]<\/p>\n<h2>\u00a0Anal probe 214<\/h2>\n<p>[\/vc_column_text][vc_single_image image=&#8221;543&#8243; img_size=&#8221;large&#8221; alignment=&#8221;center&#8221;][vc_column_text]<\/p>\n<h3 class=\"produit\">\u201cFixed stop\u201d anal probe<\/h3>\n<p>[\/vc_column_text][vc_column_text]<\/p>\n<table>\n<tbody>\n<tr>\n<td><strong>References <\/strong><\/td>\n<td>214-P0-1<\/td>\n<\/tr>\n<tr>\n<td><strong>Dimensions <\/strong><\/td>\n<td>3 rings 6mm | \u00f8 12mm<\/td>\n<\/tr>\n<tr>\n<td><strong>Description<\/strong><\/td>\n<td>Its anatomic shape and the fixed stop make for easy and optimum insertion of the probe. The fixed stop holds the probe in place during stimulation and allows for use in the seated position then orthostatism. Anal electrostimulation probe with biofeedback of muscle activity.<br \/>\nIt comes with round electrodes of 6 mm for greater tolerance of the intensity at the tolerance\/efficiency threshold.<\/td>\n<\/tr>\n<\/tbody>\n<\/table>\n<p>[\/vc_column_text][\/vc_column][vc_column width=&#8221;1\/2&#8243;][\/vc_column][\/vc_row]<\/p>\n<\/div>","protected":false},"excerpt":{"rendered":"<p>[vc_row][vc_column width=&#8221;1\/6&#8243;][\/vc_column][vc_column width=&#8221;2\/3&#8243;][vc_column_text el_class=&#8221;align-center chapo&#8221;]Discover all our anal probes All the probes are reimbursed by the Health Insurance.\u00a0Fund with a doctor\u2019s prescription.[\/vc_column_text][\/vc_column][vc_column width=&#8221;1\/6&#8243;][\/vc_column][\/vc_row][vc_row][vc_column width=&#8221;1\/2&#8243;][vc_column_text] Anal probe 201 [\/vc_column_text][vc_column_text] Anal probe with \u201cremovable stop\u201d [\/vc_column_text][vc_column_text css=&#8221;&#8221;] References\u00a0 201-B0-1 (white) &#8211;\u00a0 201-B1-1 (blue) &#8211; 201-B1-1-D (Blue) Oval stop Dimensions\u00a0 2 rings of 10 mm | \u00d8 12 [&hellip;]<\/p>\n","protected":false},"author":1,"featured_media":0,"parent":0,"menu_order":0,"comment_status":"closed","ping_status":"closed","template":"","meta":{"footnotes":""},"class_list":["post-521","page","type-page","status-publish","hentry"],"yoast_head":"<!-- This site is optimized with the Yoast SEO plugin v27.3 - https:\/\/yoast.com\/product\/yoast-seo-wordpress\/ -->\n<title>Anal probes - EMC \u00c9volution<\/title>\n<meta name=\"robots\" content=\"index, follow, max-snippet:-1, max-image-preview:large, max-video-preview:-1\" \/>\n<link rel=\"canonical\" href=\"https:\/\/www.emc-evolution.com\/en\/anal-probes\/\" \/>\n<meta property=\"og:locale\" content=\"en_US\" \/>\n<meta property=\"og:type\" content=\"article\" \/>\n<meta property=\"og:title\" content=\"Anal probes - EMC \u00c9volution\" \/>\n<meta property=\"og:description\" content=\"[vc_row][vc_column width=&#8221;1\/6&#8243;][\/vc_column][vc_column width=&#8221;2\/3&#8243;][vc_column_text el_class=&#8221;align-center chapo&#8221;]Discover all our anal probes All the probes are reimbursed by the Health Insurance.\u00a0Fund with a doctor\u2019s prescription.[\/vc_column_text][\/vc_column][vc_column width=&#8221;1\/6&#8243;][\/vc_column][\/vc_row][vc_row][vc_column width=&#8221;1\/2&#8243;][vc_column_text] Anal probe 201 [\/vc_column_text][vc_column_text] Anal probe with \u201cremovable stop\u201d [\/vc_column_text][vc_column_text css=&#8221;&#8221;] References\u00a0 201-B0-1 (white) &#8211;\u00a0 201-B1-1 (blue) &#8211; 201-B1-1-D (Blue) Oval stop Dimensions\u00a0 2 rings of 10 mm | \u00d8 12 [&hellip;]\" \/>\n<meta property=\"og:url\" content=\"https:\/\/www.emc-evolution.com\/en\/anal-probes\/\" \/>\n<meta property=\"og:site_name\" content=\"EMC \u00c9volution\" \/>\n<meta property=\"article:modified_time\" content=\"2025-02-17T15:45:54+00:00\" \/>\n<meta name=\"twitter:card\" content=\"summary_large_image\" \/>\n<meta name=\"twitter:label1\" content=\"Est. reading time\" \/>\n\t<meta name=\"twitter:data1\" content=\"5 minutes\" \/>\n<script type=\"application\/ld+json\" class=\"yoast-schema-graph\">{\"@context\":\"https:\\\/\\\/schema.org\",\"@graph\":[{\"@type\":\"WebPage\",\"@id\":\"https:\\\/\\\/www.emc-evolution.com\\\/en\\\/anal-probes\\\/\",\"url\":\"https:\\\/\\\/www.emc-evolution.com\\\/en\\\/anal-probes\\\/\",\"name\":\"Anal probes - EMC \u00c9volution\",\"isPartOf\":{\"@id\":\"https:\\\/\\\/www.emc-evolution.com\\\/#website\"},\"datePublished\":\"2018-01-26T13:44:37+00:00\",\"dateModified\":\"2025-02-17T15:45:54+00:00\",\"breadcrumb\":{\"@id\":\"https:\\\/\\\/www.emc-evolution.com\\\/en\\\/anal-probes\\\/#breadcrumb\"},\"inLanguage\":\"en-US\",\"potentialAction\":[{\"@type\":\"ReadAction\",\"target\":[\"https:\\\/\\\/www.emc-evolution.com\\\/en\\\/anal-probes\\\/\"]}]},{\"@type\":\"BreadcrumbList\",\"@id\":\"https:\\\/\\\/www.emc-evolution.com\\\/en\\\/anal-probes\\\/#breadcrumb\",\"itemListElement\":[{\"@type\":\"ListItem\",\"position\":1,\"name\":\"Accueil\",\"item\":\"https:\\\/\\\/www.emc-evolution.com\\\/en\\\/\"},{\"@type\":\"ListItem\",\"position\":2,\"name\":\"Anal probes\"}]},{\"@type\":\"WebSite\",\"@id\":\"https:\\\/\\\/www.emc-evolution.com\\\/#website\",\"url\":\"https:\\\/\\\/www.emc-evolution.com\\\/\",\"name\":\"EMC \u00c9volution\",\"description\":\"R\u00e9\u00e9ducation post-accouchement\",\"potentialAction\":[{\"@type\":\"SearchAction\",\"target\":{\"@type\":\"EntryPoint\",\"urlTemplate\":\"https:\\\/\\\/www.emc-evolution.com\\\/?s={search_term_string}\"},\"query-input\":{\"@type\":\"PropertyValueSpecification\",\"valueRequired\":true,\"valueName\":\"search_term_string\"}}],\"inLanguage\":\"en-US\"}]}<\/script>\n<!-- \/ Yoast SEO plugin. -->","yoast_head_json":{"title":"Anal probes - EMC \u00c9volution","robots":{"index":"index","follow":"follow","max-snippet":"max-snippet:-1","max-image-preview":"max-image-preview:large","max-video-preview":"max-video-preview:-1"},"canonical":"https:\/\/www.emc-evolution.com\/en\/anal-probes\/","og_locale":"en_US","og_type":"article","og_title":"Anal probes - EMC \u00c9volution","og_description":"[vc_row][vc_column width=&#8221;1\/6&#8243;][\/vc_column][vc_column width=&#8221;2\/3&#8243;][vc_column_text el_class=&#8221;align-center chapo&#8221;]Discover all our anal probes All the probes are reimbursed by the Health Insurance.\u00a0Fund with a doctor\u2019s prescription.[\/vc_column_text][\/vc_column][vc_column width=&#8221;1\/6&#8243;][\/vc_column][\/vc_row][vc_row][vc_column width=&#8221;1\/2&#8243;][vc_column_text] Anal probe 201 [\/vc_column_text][vc_column_text] Anal probe with \u201cremovable stop\u201d [\/vc_column_text][vc_column_text css=&#8221;&#8221;] References\u00a0 201-B0-1 (white) &#8211;\u00a0 201-B1-1 (blue) &#8211; 201-B1-1-D (Blue) Oval stop Dimensions\u00a0 2 rings of 10 mm | \u00d8 12 [&hellip;]","og_url":"https:\/\/www.emc-evolution.com\/en\/anal-probes\/","og_site_name":"EMC \u00c9volution","article_modified_time":"2025-02-17T15:45:54+00:00","twitter_card":"summary_large_image","twitter_misc":{"Est. reading time":"5 minutes"},"schema":{"@context":"https:\/\/schema.org","@graph":[{"@type":"WebPage","@id":"https:\/\/www.emc-evolution.com\/en\/anal-probes\/","url":"https:\/\/www.emc-evolution.com\/en\/anal-probes\/","name":"Anal probes - EMC \u00c9volution","isPartOf":{"@id":"https:\/\/www.emc-evolution.com\/#website"},"datePublished":"2018-01-26T13:44:37+00:00","dateModified":"2025-02-17T15:45:54+00:00","breadcrumb":{"@id":"https:\/\/www.emc-evolution.com\/en\/anal-probes\/#breadcrumb"},"inLanguage":"en-US","potentialAction":[{"@type":"ReadAction","target":["https:\/\/www.emc-evolution.com\/en\/anal-probes\/"]}]},{"@type":"BreadcrumbList","@id":"https:\/\/www.emc-evolution.com\/en\/anal-probes\/#breadcrumb","itemListElement":[{"@type":"ListItem","position":1,"name":"Accueil","item":"https:\/\/www.emc-evolution.com\/en\/"},{"@type":"ListItem","position":2,"name":"Anal probes"}]},{"@type":"WebSite","@id":"https:\/\/www.emc-evolution.com\/#website","url":"https:\/\/www.emc-evolution.com\/","name":"EMC \u00c9volution","description":"R\u00e9\u00e9ducation post-accouchement","potentialAction":[{"@type":"SearchAction","target":{"@type":"EntryPoint","urlTemplate":"https:\/\/www.emc-evolution.com\/?s={search_term_string}"},"query-input":{"@type":"PropertyValueSpecification","valueRequired":true,"valueName":"search_term_string"}}],"inLanguage":"en-US"}]}},"_links":{"self":[{"href":"https:\/\/www.emc-evolution.com\/en\/wp-json\/wp\/v2\/pages\/521","targetHints":{"allow":["GET"]}}],"collection":[{"href":"https:\/\/www.emc-evolution.com\/en\/wp-json\/wp\/v2\/pages"}],"about":[{"href":"https:\/\/www.emc-evolution.com\/en\/wp-json\/wp\/v2\/types\/page"}],"author":[{"embeddable":true,"href":"https:\/\/www.emc-evolution.com\/en\/wp-json\/wp\/v2\/users\/1"}],"replies":[{"embeddable":true,"href":"https:\/\/www.emc-evolution.com\/en\/wp-json\/wp\/v2\/comments?post=521"}],"version-history":[{"count":10,"href":"https:\/\/www.emc-evolution.com\/en\/wp-json\/wp\/v2\/pages\/521\/revisions"}],"predecessor-version":[{"id":730,"href":"https:\/\/www.emc-evolution.com\/en\/wp-json\/wp\/v2\/pages\/521\/revisions\/730"}],"wp:attachment":[{"href":"https:\/\/www.emc-evolution.com\/en\/wp-json\/wp\/v2\/media?parent=521"}],"curies":[{"name":"wp","href":"https:\/\/api.w.org\/{rel}","templated":true}]}}