{"id":515,"date":"2018-01-26T14:39:47","date_gmt":"2018-01-26T13:39:47","guid":{"rendered":"https:\/\/www.emc-evolution.com\/?page_id=515"},"modified":"2025-03-20T14:08:52","modified_gmt":"2025-03-20T13:08:52","slug":"f-a-q","status":"publish","type":"page","link":"https:\/\/www.emc-evolution.com\/en\/f-a-q\/","title":{"rendered":"F.A.Q."},"content":{"rendered":"<div class=\"wpb-content-wrapper\"><p>[vc_row][vc_column width=&#8221;1\/6&#8243;][\/vc_column][vc_column width=&#8221;2\/3&#8243;][vc_column_text]<\/p>\n<h2>Frequenty Asked Questions<\/h2>\n<p>[\/vc_column_text][vc_column_text el_class=&#8221;align-center chapo&#8221;]Find the most frequently asked questions relating to anal and\/or vaginal probes here.[\/vc_column_text][vc_empty_space height=&#8221;30&#8243;][\/vc_column][vc_column width=&#8221;1\/6&#8243;][\/vc_column][\/vc_row][vc_row][vc_column][vc_tta_tabs shape=&#8221;square&#8221; color=&#8221;sky&#8221; spacing=&#8221;2&#8243; alignment=&#8221;center&#8221; active_section=&#8221;1&#8243; el_id=&#8221;onglets&#8221;][vc_tta_section title=&#8221;Distributor&#8221; tab_id=&#8221;1499202190060-bb0ad7ff-e497&#8243;][vc_row_inner][vc_column_inner][vc_column_text]<\/p>\n<h3>Questions asked by anal or vaginal probe distributors<\/h3>\n<p>[\/vc_column_text][\/vc_column_inner][\/vc_row_inner][vc_row_inner][vc_column_inner width=&#8221;1\/2&#8243;][vc_column_text]<\/p>\n<h4>CE Certification<\/h4>\n<p>[\/vc_column_text][vc_separator color=&#8221;custom&#8221; align=&#8221;align_left&#8221; border_width=&#8221;2&#8243; el_width=&#8221;20&#8243; accent_color=&#8221;#211d1e&#8221;][vc_column_text]All our probes have the CE marking with the n\u00b0 of the certification body.<br \/>\nI.e., CE 0459, for the LNE\/G-Med.<br \/>\nPlease do not hesitate to ask us for the pending certifications. [\/vc_column_text][\/vc_column_inner][vc_column_inner width=&#8221;1\/2&#8243;][vc_column_text]<\/p>\n<h4>Are the probes guaranteed ?<\/h4>\n<p>[\/vc_column_text][vc_separator color=&#8221;custom&#8221; align=&#8221;align_left&#8221; border_width=&#8221;2&#8243; el_width=&#8221;20&#8243; accent_color=&#8221;#211d1e&#8221;][vc_column_text css=&#8221;&#8221;]Yes, the probes have a 2-year guarantee from the date of your invoice.<br \/>\nWe replace probes which do not operate correctly with new ones.<br \/>\nAlternatively, they must be returned to us in their original packaging with the batch number.[\/vc_column_text][\/vc_column_inner][\/vc_row_inner][\/vc_tta_section][vc_tta_section title=&#8221;Healthcare professional&#8221; tab_id=&#8221;1499202190121-e95ec462-c8e4&#8243;][vc_row_inner][vc_column_inner][vc_column_text]<\/p>\n<h3>Questions asked by those prescribing anal or vaginal probes<\/h3>\n<p>[\/vc_column_text][\/vc_column_inner][\/vc_row_inner][vc_row_inner][vc_column_inner width=&#8221;1\/2&#8243;][vc_column_text]<\/p>\n<h4>Is the colour important ?<\/h4>\n<p>[\/vc_column_text][vc_separator color=&#8221;custom&#8221; align=&#8221;align_left&#8221; border_width=&#8221;2&#8243; el_width=&#8221;20&#8243; accent_color=&#8221;#211d1e&#8221;][vc_column_text]None whatsoever in therapeutics.<br \/>\nPatients are given a choice of colours: e.g. young mothers can choose a colour according to the sex of their child.[\/vc_column_text][\/vc_column_inner][vc_column_inner width=&#8221;1\/2&#8243;][vc_column_text]<\/p>\n<h4>Choosing the connectors<\/h4>\n<p>[\/vc_column_text][vc_separator color=&#8221;custom&#8221; align=&#8221;align_left&#8221; border_width=&#8221;2&#8243; el_width=&#8221;20&#8243; accent_color=&#8221;#211d1e&#8221;][vc_column_text]These are chosen according to your device, we propose all the connectors either on the probes or as fittings:<\/p>\n<ul>\n<li>DIN : 3, 5, 6, m\u00e2le, female<\/li>\n<li>BANANA, 2 mm, 4 mm, male, female<\/li>\n<\/ul>\n<p>The other connectors are to order only, so please do not hesitate to ask us for a connector or probes with the connection of your choice.[\/vc_column_text][\/vc_column_inner][\/vc_row_inner][vc_row_inner][vc_column_inner width=&#8221;1\/2&#8243;][vc_column_text]<\/p>\n<h4>Where can I order the probes ?<\/h4>\n<p>[\/vc_column_text][vc_separator color=&#8221;custom&#8221; align=&#8221;align_left&#8221; border_width=&#8221;2&#8243; el_width=&#8221;20&#8243; accent_color=&#8221;#211d1e&#8221;][vc_column_text]From your usual distributor. If they do not know them, they can easily make enquiries with us.<\/p>\n<p>If you do not know the distributors of our probes, we can let you know where your nearest distributor is located (in your area or country).[\/vc_column_text][\/vc_column_inner][vc_column_inner width=&#8221;1\/2&#8243;][\/vc_column_inner][\/vc_row_inner][\/vc_tta_section][vc_tta_section title=&#8221;Patient&#8221; tab_id=&#8221;1499202254490-9c9afded-4176&#8243;][vc_row_inner][vc_column_inner][vc_column_text]<\/p>\n<h3>Questions asked by anal or vaginal probe users<\/h3>\n<p>[\/vc_column_text][\/vc_column_inner][\/vc_row_inner][vc_row_inner][vc_column_inner width=&#8221;1\/2&#8243;][vc_column_text]<\/p>\n<h4>When should you use a probe ?<\/h4>\n<p>[\/vc_column_text][vc_separator color=&#8221;custom&#8221; align=&#8221;align_left&#8221; border_width=&#8221;2&#8243; el_width=&#8221;20&#8243; accent_color=&#8221;#211d1e&#8221;][vc_column_text]There are lots of cases, from mothers after giving birth, to the elderly as well as for lots of other health issues. For instance, during the menopause, prostate treatment, vaginal dysmorphia, weakness of the sphincter or perineum, prolapse, slack vulva, terminal constipation, etc.<br \/>\nFactors encouraging loss of urine: giving birth, enuresis, the practice of certain sports, certain health issues, etc.<br \/>\nIn fact, it is best to talk about this with your practitioner, physiotherapist or midwife.[\/vc_column_text][\/vc_column_inner][vc_column_inner width=&#8221;1\/2&#8243;][vc_column_text]<\/p>\n<h4>When should I start to treat my incontinence?<\/h4>\n<p>[\/vc_column_text][vc_separator color=&#8221;custom&#8221; align=&#8221;align_left&#8221; border_width=&#8221;2&#8243; el_width=&#8221;20&#8243; accent_color=&#8221;#211d1e&#8221;][vc_column_text]It is best to talk about this with your practitioner, physiotherapist or midwife quickly. In fact, rehabilitation with a probe means you can avoid or delay a surgical procedure.<\/p>\n<p>Loss of urine is often due to a weakness of the sphincter and perineum. First signs of stress urinary incontinence: certain exertion leads to small losses of urine, laughing, key in lock syndrome, etc.nce d&#8217;effort : certains efforts entrainent une petite fuite, un \u00e9clat de rire, le syndrome de la clef devant sa porte, ..[\/vc_column_text][\/vc_column_inner][\/vc_row_inner][vc_row_inner][vc_column_inner width=&#8221;1\/2&#8243;][vc_column_text]<\/p>\n<h4>How do I clean my probe ?<\/h4>\n<p>[\/vc_column_text][vc_separator color=&#8221;custom&#8221; align=&#8221;align_left&#8221; border_width=&#8221;2&#8243; el_width=&#8221;20&#8243; accent_color=&#8221;#211d1e&#8221;][vc_column_text]The simplest way is to wash it with soap and water, rinse it, dry it thoroughly and store it in its packaging.<\/p>\n<p>Otherwise you can clean it with a disinfectant such as Anios following the instructions for use. These products are available in wipes.<\/p>\n<p>Be careful not to wet the connector, nor to bend the probe outlet cable.[\/vc_column_text][\/vc_column_inner][vc_column_inner width=&#8221;1\/2&#8243;][vc_column_text]<\/p>\n<h4>Can I use a probe with a coil ?<\/h4>\n<p>[\/vc_column_text][vc_separator color=&#8221;custom&#8221; align=&#8221;align_left&#8221; border_width=&#8221;2&#8243; el_width=&#8221;20&#8243; accent_color=&#8221;#211d1e&#8221;][vc_column_text]Yes, the probe does not touch the coil during the electrostimulation sessions.<\/p>\n<p>However, you must inform your physiotherapist or midwife if you have a coil.[\/vc_column_text][\/vc_column_inner][\/vc_row_inner][vc_row_inner][vc_column_inner width=&#8221;1\/2&#8243;][vc_column_text]<\/p>\n<h4>Is the therapy painful ?<\/h4>\n<p>[\/vc_column_text][vc_separator color=&#8221;custom&#8221; align=&#8221;align_left&#8221; border_width=&#8221;2&#8243; el_width=&#8221;20&#8243; accent_color=&#8221;#211d1e&#8221;][vc_column_text]Not usually. Your physiotherapist or midwife will know the pelvic floor rehabilitation procedures very well.<\/p>\n<p>Your therapist chooses the model of probe to suit your anatomy. He or she will adapt the position of the probe with regard to the muscles to be stimulated. He or she then increases the requirements of your treatment as and when the sessions advance.[\/vc_column_text][\/vc_column_inner][vc_column_inner width=&#8221;1\/2&#8243;][vc_column_text]<\/p>\n<h4>Can I use the same probe after having my second child ?<\/h4>\n<p>[\/vc_column_text][vc_separator color=&#8221;custom&#8221; align=&#8221;align_left&#8221; border_width=&#8221;2&#8243; el_width=&#8221;20&#8243; accent_color=&#8221;#211d1e&#8221;][vc_column_text]Yes, no problem, the probes have an expiry date of 5 years.<\/p>\n<p>Check that you have kept it clean.<\/p>\n<p>Otherwise, it is worth noting that the health insurance funds cover the cost of probes once a year subject to having a doctor\u2019s prescription.[\/vc_column_text][\/vc_column_inner][\/vc_row_inner][vc_row_inner][vc_column_inner width=&#8221;1\/2&#8243;][vc_column_text]<\/p>\n<h4>What should I do with the probe when I have finished my treatment ?<\/h4>\n<p>[\/vc_column_text][vc_separator color=&#8221;custom&#8221; align=&#8221;align_left&#8221; border_width=&#8221;2&#8243; el_width=&#8221;20&#8243; accent_color=&#8221;#211d1e&#8221;][vc_column_text]You have 3 possibilities :<br \/>\n\u2013 keep the probe in its packaging after it has been thoroughly cleaned<br \/>\n\u2013 dispose of it in your household waste<br \/>\n\u2013 give it to your therapist who will dispose of it in the infectious medical waste<\/p>\n<p>We do not yet have an end of cycle life solution for the probes that is cleaner for the environment. We are however doing our utmost to ensure a minimum CO2 footprint by ensuring all our suppliers are as close as possible (93% in France, 48% in the area).[\/vc_column_text][\/vc_column_inner][vc_column_inner width=&#8221;1\/2&#8243;][vc_column_text]<\/p>\n<h4>Can I use the probe with a home device ?<\/h4>\n<p>[\/vc_column_text][vc_separator color=&#8221;custom&#8221; align=&#8221;align_left&#8221; border_width=&#8221;2&#8243; el_width=&#8221;20&#8243; accent_color=&#8221;#211d1e&#8221;][vc_column_text]You can use your probe both in your therapist\u2019s practice as well as at home with an electrostimulation device for incontinence.<br \/>\nOnly the connection fitting requires changing. You can order a suitable fitting from us.<br \/>\nIt is best for you to purchase your probe before the end of your treatment as your physiotherapist or midwife will indicate the programmes to be used for your treatment.<br \/>\nWe supply devices with the fitting to match your probe. They are reimbursed if you have a doctor\u2019s prescription.[\/vc_column_text][\/vc_column_inner][\/vc_row_inner][\/vc_tta_section][\/vc_tta_tabs][\/vc_column][\/vc_row]<\/p>\n<\/div>","protected":false},"excerpt":{"rendered":"<p>[vc_row][vc_column width=&#8221;1\/6&#8243;][\/vc_column][vc_column width=&#8221;2\/3&#8243;][vc_column_text] Frequenty Asked Questions [\/vc_column_text][vc_column_text el_class=&#8221;align-center chapo&#8221;]Find the most frequently asked questions relating to anal and\/or vaginal probes here.[\/vc_column_text][vc_empty_space height=&#8221;30&#8243;][\/vc_column][vc_column width=&#8221;1\/6&#8243;][\/vc_column][\/vc_row][vc_row][vc_column][vc_tta_tabs shape=&#8221;square&#8221; color=&#8221;sky&#8221; spacing=&#8221;2&#8243; alignment=&#8221;center&#8221; active_section=&#8221;1&#8243; el_id=&#8221;onglets&#8221;][vc_tta_section title=&#8221;Distributor&#8221; tab_id=&#8221;1499202190060-bb0ad7ff-e497&#8243;][vc_row_inner][vc_column_inner][vc_column_text] Questions asked by anal or vaginal probe distributors [\/vc_column_text][\/vc_column_inner][\/vc_row_inner][vc_row_inner][vc_column_inner width=&#8221;1\/2&#8243;][vc_column_text] CE Certification [\/vc_column_text][vc_separator color=&#8221;custom&#8221; align=&#8221;align_left&#8221; border_width=&#8221;2&#8243; el_width=&#8221;20&#8243; accent_color=&#8221;#211d1e&#8221;][vc_column_text]All our probes have the CE marking [&hellip;]<\/p>\n","protected":false},"author":1,"featured_media":0,"parent":0,"menu_order":0,"comment_status":"closed","ping_status":"closed","template":"","meta":{"footnotes":""},"class_list":["post-515","page","type-page","status-publish","hentry"],"yoast_head":"<!-- This site is optimized with the Yoast SEO plugin v27.3 - https:\/\/yoast.com\/product\/yoast-seo-wordpress\/ -->\n<title>F.A.Q. - EMC \u00c9volution<\/title>\n<meta name=\"robots\" content=\"index, follow, max-snippet:-1, max-image-preview:large, max-video-preview:-1\" \/>\n<link rel=\"canonical\" href=\"https:\/\/www.emc-evolution.com\/en\/f-a-q\/\" \/>\n<meta property=\"og:locale\" content=\"en_US\" \/>\n<meta property=\"og:type\" content=\"article\" \/>\n<meta property=\"og:title\" content=\"F.A.Q. - EMC \u00c9volution\" \/>\n<meta property=\"og:description\" content=\"[vc_row][vc_column width=&#8221;1\/6&#8243;][\/vc_column][vc_column width=&#8221;2\/3&#8243;][vc_column_text] Frequenty Asked Questions [\/vc_column_text][vc_column_text el_class=&#8221;align-center chapo&#8221;]Find the most frequently asked questions relating to anal and\/or vaginal probes here.[\/vc_column_text][vc_empty_space height=&#8221;30&#8243;][\/vc_column][vc_column width=&#8221;1\/6&#8243;][\/vc_column][\/vc_row][vc_row][vc_column][vc_tta_tabs shape=&#8221;square&#8221; color=&#8221;sky&#8221; spacing=&#8221;2&#8243; alignment=&#8221;center&#8221; active_section=&#8221;1&#8243; el_id=&#8221;onglets&#8221;][vc_tta_section title=&#8221;Distributor&#8221; tab_id=&#8221;1499202190060-bb0ad7ff-e497&#8243;][vc_row_inner][vc_column_inner][vc_column_text] Questions asked by anal or vaginal probe distributors [\/vc_column_text][\/vc_column_inner][\/vc_row_inner][vc_row_inner][vc_column_inner width=&#8221;1\/2&#8243;][vc_column_text] CE Certification [\/vc_column_text][vc_separator color=&#8221;custom&#8221; align=&#8221;align_left&#8221; border_width=&#8221;2&#8243; el_width=&#8221;20&#8243; accent_color=&#8221;#211d1e&#8221;][vc_column_text]All our probes have the CE marking [&hellip;]\" \/>\n<meta property=\"og:url\" content=\"https:\/\/www.emc-evolution.com\/en\/f-a-q\/\" \/>\n<meta property=\"og:site_name\" content=\"EMC \u00c9volution\" \/>\n<meta property=\"article:modified_time\" content=\"2025-03-20T13:08:52+00:00\" \/>\n<meta name=\"twitter:card\" content=\"summary_large_image\" \/>\n<meta name=\"twitter:label1\" content=\"Est. reading time\" \/>\n\t<meta name=\"twitter:data1\" content=\"5 minutes\" \/>\n<script type=\"application\/ld+json\" class=\"yoast-schema-graph\">{\"@context\":\"https:\\\/\\\/schema.org\",\"@graph\":[{\"@type\":\"WebPage\",\"@id\":\"https:\\\/\\\/www.emc-evolution.com\\\/en\\\/f-a-q\\\/\",\"url\":\"https:\\\/\\\/www.emc-evolution.com\\\/en\\\/f-a-q\\\/\",\"name\":\"F.A.Q. - EMC \u00c9volution\",\"isPartOf\":{\"@id\":\"https:\\\/\\\/www.emc-evolution.com\\\/#website\"},\"datePublished\":\"2018-01-26T13:39:47+00:00\",\"dateModified\":\"2025-03-20T13:08:52+00:00\",\"breadcrumb\":{\"@id\":\"https:\\\/\\\/www.emc-evolution.com\\\/en\\\/f-a-q\\\/#breadcrumb\"},\"inLanguage\":\"en-US\",\"potentialAction\":[{\"@type\":\"ReadAction\",\"target\":[\"https:\\\/\\\/www.emc-evolution.com\\\/en\\\/f-a-q\\\/\"]}]},{\"@type\":\"BreadcrumbList\",\"@id\":\"https:\\\/\\\/www.emc-evolution.com\\\/en\\\/f-a-q\\\/#breadcrumb\",\"itemListElement\":[{\"@type\":\"ListItem\",\"position\":1,\"name\":\"Accueil\",\"item\":\"https:\\\/\\\/www.emc-evolution.com\\\/en\\\/\"},{\"@type\":\"ListItem\",\"position\":2,\"name\":\"F.A.Q.\"}]},{\"@type\":\"WebSite\",\"@id\":\"https:\\\/\\\/www.emc-evolution.com\\\/#website\",\"url\":\"https:\\\/\\\/www.emc-evolution.com\\\/\",\"name\":\"EMC \u00c9volution\",\"description\":\"R\u00e9\u00e9ducation post-accouchement\",\"potentialAction\":[{\"@type\":\"SearchAction\",\"target\":{\"@type\":\"EntryPoint\",\"urlTemplate\":\"https:\\\/\\\/www.emc-evolution.com\\\/?s={search_term_string}\"},\"query-input\":{\"@type\":\"PropertyValueSpecification\",\"valueRequired\":true,\"valueName\":\"search_term_string\"}}],\"inLanguage\":\"en-US\"}]}<\/script>\n<!-- \/ Yoast SEO plugin. -->","yoast_head_json":{"title":"F.A.Q. - EMC \u00c9volution","robots":{"index":"index","follow":"follow","max-snippet":"max-snippet:-1","max-image-preview":"max-image-preview:large","max-video-preview":"max-video-preview:-1"},"canonical":"https:\/\/www.emc-evolution.com\/en\/f-a-q\/","og_locale":"en_US","og_type":"article","og_title":"F.A.Q. - EMC \u00c9volution","og_description":"[vc_row][vc_column width=&#8221;1\/6&#8243;][\/vc_column][vc_column width=&#8221;2\/3&#8243;][vc_column_text] Frequenty Asked Questions [\/vc_column_text][vc_column_text el_class=&#8221;align-center chapo&#8221;]Find the most frequently asked questions relating to anal and\/or vaginal probes here.[\/vc_column_text][vc_empty_space height=&#8221;30&#8243;][\/vc_column][vc_column width=&#8221;1\/6&#8243;][\/vc_column][\/vc_row][vc_row][vc_column][vc_tta_tabs shape=&#8221;square&#8221; color=&#8221;sky&#8221; spacing=&#8221;2&#8243; alignment=&#8221;center&#8221; active_section=&#8221;1&#8243; el_id=&#8221;onglets&#8221;][vc_tta_section title=&#8221;Distributor&#8221; tab_id=&#8221;1499202190060-bb0ad7ff-e497&#8243;][vc_row_inner][vc_column_inner][vc_column_text] Questions asked by anal or vaginal probe distributors [\/vc_column_text][\/vc_column_inner][\/vc_row_inner][vc_row_inner][vc_column_inner width=&#8221;1\/2&#8243;][vc_column_text] CE Certification [\/vc_column_text][vc_separator color=&#8221;custom&#8221; align=&#8221;align_left&#8221; border_width=&#8221;2&#8243; el_width=&#8221;20&#8243; accent_color=&#8221;#211d1e&#8221;][vc_column_text]All our probes have the CE marking [&hellip;]","og_url":"https:\/\/www.emc-evolution.com\/en\/f-a-q\/","og_site_name":"EMC \u00c9volution","article_modified_time":"2025-03-20T13:08:52+00:00","twitter_card":"summary_large_image","twitter_misc":{"Est. reading time":"5 minutes"},"schema":{"@context":"https:\/\/schema.org","@graph":[{"@type":"WebPage","@id":"https:\/\/www.emc-evolution.com\/en\/f-a-q\/","url":"https:\/\/www.emc-evolution.com\/en\/f-a-q\/","name":"F.A.Q. - EMC \u00c9volution","isPartOf":{"@id":"https:\/\/www.emc-evolution.com\/#website"},"datePublished":"2018-01-26T13:39:47+00:00","dateModified":"2025-03-20T13:08:52+00:00","breadcrumb":{"@id":"https:\/\/www.emc-evolution.com\/en\/f-a-q\/#breadcrumb"},"inLanguage":"en-US","potentialAction":[{"@type":"ReadAction","target":["https:\/\/www.emc-evolution.com\/en\/f-a-q\/"]}]},{"@type":"BreadcrumbList","@id":"https:\/\/www.emc-evolution.com\/en\/f-a-q\/#breadcrumb","itemListElement":[{"@type":"ListItem","position":1,"name":"Accueil","item":"https:\/\/www.emc-evolution.com\/en\/"},{"@type":"ListItem","position":2,"name":"F.A.Q."}]},{"@type":"WebSite","@id":"https:\/\/www.emc-evolution.com\/#website","url":"https:\/\/www.emc-evolution.com\/","name":"EMC \u00c9volution","description":"R\u00e9\u00e9ducation post-accouchement","potentialAction":[{"@type":"SearchAction","target":{"@type":"EntryPoint","urlTemplate":"https:\/\/www.emc-evolution.com\/?s={search_term_string}"},"query-input":{"@type":"PropertyValueSpecification","valueRequired":true,"valueName":"search_term_string"}}],"inLanguage":"en-US"}]}},"_links":{"self":[{"href":"https:\/\/www.emc-evolution.com\/en\/wp-json\/wp\/v2\/pages\/515","targetHints":{"allow":["GET"]}}],"collection":[{"href":"https:\/\/www.emc-evolution.com\/en\/wp-json\/wp\/v2\/pages"}],"about":[{"href":"https:\/\/www.emc-evolution.com\/en\/wp-json\/wp\/v2\/types\/page"}],"author":[{"embeddable":true,"href":"https:\/\/www.emc-evolution.com\/en\/wp-json\/wp\/v2\/users\/1"}],"replies":[{"embeddable":true,"href":"https:\/\/www.emc-evolution.com\/en\/wp-json\/wp\/v2\/comments?post=515"}],"version-history":[{"count":5,"href":"https:\/\/www.emc-evolution.com\/en\/wp-json\/wp\/v2\/pages\/515\/revisions"}],"predecessor-version":[{"id":737,"href":"https:\/\/www.emc-evolution.com\/en\/wp-json\/wp\/v2\/pages\/515\/revisions\/737"}],"wp:attachment":[{"href":"https:\/\/www.emc-evolution.com\/en\/wp-json\/wp\/v2\/media?parent=515"}],"curies":[{"name":"wp","href":"https:\/\/api.w.org\/{rel}","templated":true}]}}