{"id":512,"date":"2018-01-26T14:36:37","date_gmt":"2018-01-26T13:36:37","guid":{"rendered":"https:\/\/www.emc-evolution.com\/?page_id=512"},"modified":"2018-01-31T15:04:57","modified_gmt":"2018-01-31T14:04:57","slug":"connectors","status":"publish","type":"page","link":"https:\/\/www.emc-evolution.com\/en\/connectors\/","title":{"rendered":"Connectors"},"content":{"rendered":"<div class=\"wpb-content-wrapper\"><p>[vc_row][vc_column width=&#8221;1\/6&#8243;][\/vc_column][vc_column width=&#8221;2\/3&#8243;][vc_column_text el_class=&#8221;align-center chapo&#8221;]Discover all our DIN connectors[\/vc_column_text][\/vc_column][vc_column width=&#8221;1\/6&#8243;][\/vc_column][\/vc_row][vc_row][vc_column width=&#8221;1\/6&#8243;][\/vc_column][vc_column width=&#8221;2\/3&#8243;][vc_column_text]<\/p>\n<h2>DIN<\/h2>\n<p>[\/vc_column_text][vc_single_image image=&#8221;233&#8243; img_size=&#8221;large&#8221; alignment=&#8221;center&#8221;][vc_column_text]<\/p>\n<table>\n<tbody>\n<tr>\n<td><strong>References\u00a0<\/strong><\/td>\n<td>DIN-6-F | DIN-5-F | DIN-5-M | DIN-6-M | DIN-3-M<\/td>\n<\/tr>\n<\/tbody>\n<\/table>\n<p>[\/vc_column_text][\/vc_column][vc_column width=&#8221;1\/6&#8243;][\/vc_column][\/vc_row][vc_row][vc_column][vc_empty_space height=&#8221;30&#8243;][\/vc_column][\/vc_row][vc_row][vc_column width=&#8221;1\/6&#8243;][\/vc_column][vc_column width=&#8221;2\/3&#8243;][vc_column_text]<\/p>\n<h2>Banana<\/h2>\n<p>[\/vc_column_text][vc_single_image image=&#8221;238&#8243; img_size=&#8221;large&#8221; alignment=&#8221;center&#8221;][vc_column_text]<\/p>\n<table>\n<tbody>\n<tr>\n<td><strong>References\u00a0<\/strong><\/td>\n<td>Male or Female Banana<\/td>\n<\/tr>\n<\/tbody>\n<\/table>\n<p>[\/vc_column_text][\/vc_column][vc_column width=&#8221;1\/6&#8243;][\/vc_column][\/vc_row][vc_row][vc_column][vc_column_text]<\/p>\n<h3 style=\"text-align: center;\"><strong>Please contact us if you have other connectors to find out our mounting possibilities and fittings.<\/strong><\/h3>\n<p>[\/vc_column_text][\/vc_column][\/vc_row]<\/p>\n<\/div>","protected":false},"excerpt":{"rendered":"<p>[vc_row][vc_column width=&#8221;1\/6&#8243;][\/vc_column][vc_column width=&#8221;2\/3&#8243;][vc_column_text el_class=&#8221;align-center chapo&#8221;]Discover all our DIN connectors[\/vc_column_text][\/vc_column][vc_column width=&#8221;1\/6&#8243;][\/vc_column][\/vc_row][vc_row][vc_column width=&#8221;1\/6&#8243;][\/vc_column][vc_column width=&#8221;2\/3&#8243;][vc_column_text] DIN [\/vc_column_text][vc_single_image image=&#8221;233&#8243; img_size=&#8221;large&#8221; alignment=&#8221;center&#8221;][vc_column_text] References\u00a0 DIN-6-F | DIN-5-F | DIN-5-M | DIN-6-M | DIN-3-M [\/vc_column_text][\/vc_column][vc_column width=&#8221;1\/6&#8243;][\/vc_column][\/vc_row][vc_row][vc_column][vc_empty_space height=&#8221;30&#8243;][\/vc_column][\/vc_row][vc_row][vc_column width=&#8221;1\/6&#8243;][\/vc_column][vc_column width=&#8221;2\/3&#8243;][vc_column_text] Banana [\/vc_column_text][vc_single_image image=&#8221;238&#8243; img_size=&#8221;large&#8221; alignment=&#8221;center&#8221;][vc_column_text] References\u00a0 Male or Female Banana [\/vc_column_text][\/vc_column][vc_column width=&#8221;1\/6&#8243;][\/vc_column][\/vc_row][vc_row][vc_column][vc_column_text] Please contact us if you have other connectors to find out [&hellip;]<\/p>\n","protected":false},"author":1,"featured_media":0,"parent":0,"menu_order":0,"comment_status":"closed","ping_status":"closed","template":"","meta":{"footnotes":""},"class_list":["post-512","page","type-page","status-publish","hentry"],"yoast_head":"<!-- This site is optimized with the Yoast SEO plugin v27.3 - https:\/\/yoast.com\/product\/yoast-seo-wordpress\/ -->\n<title>Connectors - EMC \u00c9volution<\/title>\n<meta name=\"robots\" content=\"index, follow, max-snippet:-1, max-image-preview:large, max-video-preview:-1\" \/>\n<link rel=\"canonical\" href=\"https:\/\/www.emc-evolution.com\/en\/connectors\/\" \/>\n<meta property=\"og:locale\" content=\"en_US\" \/>\n<meta property=\"og:type\" content=\"article\" \/>\n<meta property=\"og:title\" content=\"Connectors - EMC \u00c9volution\" \/>\n<meta property=\"og:description\" content=\"[vc_row][vc_column width=&#8221;1\/6&#8243;][\/vc_column][vc_column width=&#8221;2\/3&#8243;][vc_column_text el_class=&#8221;align-center chapo&#8221;]Discover all our DIN connectors[\/vc_column_text][\/vc_column][vc_column width=&#8221;1\/6&#8243;][\/vc_column][\/vc_row][vc_row][vc_column width=&#8221;1\/6&#8243;][\/vc_column][vc_column width=&#8221;2\/3&#8243;][vc_column_text] DIN [\/vc_column_text][vc_single_image image=&#8221;233&#8243; img_size=&#8221;large&#8221; alignment=&#8221;center&#8221;][vc_column_text] References\u00a0 DIN-6-F | DIN-5-F | DIN-5-M | DIN-6-M | DIN-3-M [\/vc_column_text][\/vc_column][vc_column width=&#8221;1\/6&#8243;][\/vc_column][\/vc_row][vc_row][vc_column][vc_empty_space height=&#8221;30&#8243;][\/vc_column][\/vc_row][vc_row][vc_column width=&#8221;1\/6&#8243;][\/vc_column][vc_column width=&#8221;2\/3&#8243;][vc_column_text] Banana [\/vc_column_text][vc_single_image image=&#8221;238&#8243; img_size=&#8221;large&#8221; alignment=&#8221;center&#8221;][vc_column_text] References\u00a0 Male or Female Banana [\/vc_column_text][\/vc_column][vc_column width=&#8221;1\/6&#8243;][\/vc_column][\/vc_row][vc_row][vc_column][vc_column_text] Please contact us if you have other connectors to find out [&hellip;]\" \/>\n<meta property=\"og:url\" content=\"https:\/\/www.emc-evolution.com\/en\/connectors\/\" \/>\n<meta property=\"og:site_name\" content=\"EMC \u00c9volution\" \/>\n<meta property=\"article:modified_time\" content=\"2018-01-31T14:04:57+00:00\" \/>\n<meta name=\"twitter:card\" content=\"summary_large_image\" \/>\n<meta name=\"twitter:label1\" content=\"Est. reading time\" \/>\n\t<meta name=\"twitter:data1\" content=\"1 minute\" \/>\n<script type=\"application\/ld+json\" class=\"yoast-schema-graph\">{\"@context\":\"https:\\\/\\\/schema.org\",\"@graph\":[{\"@type\":\"WebPage\",\"@id\":\"https:\\\/\\\/www.emc-evolution.com\\\/en\\\/connectors\\\/\",\"url\":\"https:\\\/\\\/www.emc-evolution.com\\\/en\\\/connectors\\\/\",\"name\":\"Connectors - EMC \u00c9volution\",\"isPartOf\":{\"@id\":\"https:\\\/\\\/www.emc-evolution.com\\\/#website\"},\"datePublished\":\"2018-01-26T13:36:37+00:00\",\"dateModified\":\"2018-01-31T14:04:57+00:00\",\"breadcrumb\":{\"@id\":\"https:\\\/\\\/www.emc-evolution.com\\\/en\\\/connectors\\\/#breadcrumb\"},\"inLanguage\":\"en-US\",\"potentialAction\":[{\"@type\":\"ReadAction\",\"target\":[\"https:\\\/\\\/www.emc-evolution.com\\\/en\\\/connectors\\\/\"]}]},{\"@type\":\"BreadcrumbList\",\"@id\":\"https:\\\/\\\/www.emc-evolution.com\\\/en\\\/connectors\\\/#breadcrumb\",\"itemListElement\":[{\"@type\":\"ListItem\",\"position\":1,\"name\":\"Accueil\",\"item\":\"https:\\\/\\\/www.emc-evolution.com\\\/en\\\/\"},{\"@type\":\"ListItem\",\"position\":2,\"name\":\"Connectors\"}]},{\"@type\":\"WebSite\",\"@id\":\"https:\\\/\\\/www.emc-evolution.com\\\/#website\",\"url\":\"https:\\\/\\\/www.emc-evolution.com\\\/\",\"name\":\"EMC \u00c9volution\",\"description\":\"R\u00e9\u00e9ducation post-accouchement\",\"potentialAction\":[{\"@type\":\"SearchAction\",\"target\":{\"@type\":\"EntryPoint\",\"urlTemplate\":\"https:\\\/\\\/www.emc-evolution.com\\\/?s={search_term_string}\"},\"query-input\":{\"@type\":\"PropertyValueSpecification\",\"valueRequired\":true,\"valueName\":\"search_term_string\"}}],\"inLanguage\":\"en-US\"}]}<\/script>\n<!-- \/ Yoast SEO plugin. -->","yoast_head_json":{"title":"Connectors - EMC \u00c9volution","robots":{"index":"index","follow":"follow","max-snippet":"max-snippet:-1","max-image-preview":"max-image-preview:large","max-video-preview":"max-video-preview:-1"},"canonical":"https:\/\/www.emc-evolution.com\/en\/connectors\/","og_locale":"en_US","og_type":"article","og_title":"Connectors - EMC \u00c9volution","og_description":"[vc_row][vc_column width=&#8221;1\/6&#8243;][\/vc_column][vc_column width=&#8221;2\/3&#8243;][vc_column_text el_class=&#8221;align-center chapo&#8221;]Discover all our DIN connectors[\/vc_column_text][\/vc_column][vc_column width=&#8221;1\/6&#8243;][\/vc_column][\/vc_row][vc_row][vc_column width=&#8221;1\/6&#8243;][\/vc_column][vc_column width=&#8221;2\/3&#8243;][vc_column_text] DIN [\/vc_column_text][vc_single_image image=&#8221;233&#8243; img_size=&#8221;large&#8221; alignment=&#8221;center&#8221;][vc_column_text] References\u00a0 DIN-6-F | DIN-5-F | DIN-5-M | DIN-6-M | DIN-3-M [\/vc_column_text][\/vc_column][vc_column width=&#8221;1\/6&#8243;][\/vc_column][\/vc_row][vc_row][vc_column][vc_empty_space height=&#8221;30&#8243;][\/vc_column][\/vc_row][vc_row][vc_column width=&#8221;1\/6&#8243;][\/vc_column][vc_column width=&#8221;2\/3&#8243;][vc_column_text] Banana [\/vc_column_text][vc_single_image image=&#8221;238&#8243; img_size=&#8221;large&#8221; alignment=&#8221;center&#8221;][vc_column_text] References\u00a0 Male or Female Banana [\/vc_column_text][\/vc_column][vc_column width=&#8221;1\/6&#8243;][\/vc_column][\/vc_row][vc_row][vc_column][vc_column_text] Please contact us if you have other connectors to find out [&hellip;]","og_url":"https:\/\/www.emc-evolution.com\/en\/connectors\/","og_site_name":"EMC \u00c9volution","article_modified_time":"2018-01-31T14:04:57+00:00","twitter_card":"summary_large_image","twitter_misc":{"Est. reading time":"1 minute"},"schema":{"@context":"https:\/\/schema.org","@graph":[{"@type":"WebPage","@id":"https:\/\/www.emc-evolution.com\/en\/connectors\/","url":"https:\/\/www.emc-evolution.com\/en\/connectors\/","name":"Connectors - EMC \u00c9volution","isPartOf":{"@id":"https:\/\/www.emc-evolution.com\/#website"},"datePublished":"2018-01-26T13:36:37+00:00","dateModified":"2018-01-31T14:04:57+00:00","breadcrumb":{"@id":"https:\/\/www.emc-evolution.com\/en\/connectors\/#breadcrumb"},"inLanguage":"en-US","potentialAction":[{"@type":"ReadAction","target":["https:\/\/www.emc-evolution.com\/en\/connectors\/"]}]},{"@type":"BreadcrumbList","@id":"https:\/\/www.emc-evolution.com\/en\/connectors\/#breadcrumb","itemListElement":[{"@type":"ListItem","position":1,"name":"Accueil","item":"https:\/\/www.emc-evolution.com\/en\/"},{"@type":"ListItem","position":2,"name":"Connectors"}]},{"@type":"WebSite","@id":"https:\/\/www.emc-evolution.com\/#website","url":"https:\/\/www.emc-evolution.com\/","name":"EMC \u00c9volution","description":"R\u00e9\u00e9ducation post-accouchement","potentialAction":[{"@type":"SearchAction","target":{"@type":"EntryPoint","urlTemplate":"https:\/\/www.emc-evolution.com\/?s={search_term_string}"},"query-input":{"@type":"PropertyValueSpecification","valueRequired":true,"valueName":"search_term_string"}}],"inLanguage":"en-US"}]}},"_links":{"self":[{"href":"https:\/\/www.emc-evolution.com\/en\/wp-json\/wp\/v2\/pages\/512","targetHints":{"allow":["GET"]}}],"collection":[{"href":"https:\/\/www.emc-evolution.com\/en\/wp-json\/wp\/v2\/pages"}],"about":[{"href":"https:\/\/www.emc-evolution.com\/en\/wp-json\/wp\/v2\/types\/page"}],"author":[{"embeddable":true,"href":"https:\/\/www.emc-evolution.com\/en\/wp-json\/wp\/v2\/users\/1"}],"replies":[{"embeddable":true,"href":"https:\/\/www.emc-evolution.com\/en\/wp-json\/wp\/v2\/comments?post=512"}],"version-history":[{"count":3,"href":"https:\/\/www.emc-evolution.com\/en\/wp-json\/wp\/v2\/pages\/512\/revisions"}],"predecessor-version":[{"id":605,"href":"https:\/\/www.emc-evolution.com\/en\/wp-json\/wp\/v2\/pages\/512\/revisions\/605"}],"wp:attachment":[{"href":"https:\/\/www.emc-evolution.com\/en\/wp-json\/wp\/v2\/media?parent=512"}],"curies":[{"name":"wp","href":"https:\/\/api.w.org\/{rel}","templated":true}]}}